{"id":6061,"date":"2020-03-31T07:41:11","date_gmt":"2020-03-31T05:41:11","guid":{"rendered":"http:\/\/siesta.observer\/?page_id=6061"},"modified":"2025-08-29T18:53:51","modified_gmt":"2025-08-29T16:53:51","slug":"ueber-uns","status":"publish","type":"page","link":"https:\/\/villaboccaccio.eu\/de\/ueber-uns\/","title":{"rendered":"\u00dcber uns"},"content":{"rendered":"\t\t<div data-elementor-type=\"wp-page\" data-elementor-id=\"6061\" class=\"elementor elementor-6061\">\n\t\t\t\t\t\t\t\t\t<section class=\"elementor-section elementor-top-section elementor-element elementor-element-55bc024 elementor-section-full_width qodef-elementor-content-grid elementor-section-height-default elementor-section-height-default\" data-id=\"55bc024\" data-element_type=\"section\">\n\t\t\t\t\t\t<div class=\"elementor-container elementor-column-gap-no\">\n\t\t\t\t\t<div class=\"elementor-column elementor-col-100 elementor-top-column elementor-element elementor-element-5abf0b6\" data-id=\"5abf0b6\" data-element_type=\"column\">\n\t\t\t<div class=\"elementor-widget-wrap elementor-element-populated\">\n\t\t\t\t\t\t\t\t<div class=\"elementor-element elementor-element-1522463 elementor-widget elementor-widget-alloggio_core_section_title\" data-id=\"1522463\" data-element_type=\"widget\" data-widget_type=\"alloggio_core_section_title.default\">\n\t\t\t\t<div class=\"elementor-widget-container\">\n\t\t\t<div class=\"qodef-shortcode qodef-m  qodef-section-title qodef-alignment--center\">\n\t\t<h2 class=\"qodef-m-title\" >\n\t\t\t\t\tVilla Boccaccio \u2013 Verbindung von Traditionen und modernem Luxus\t\t\t<\/h2>\n\t\t<span class=\"qodef-m-text\" style=\"margin-top: 25px\">Im Herzen der Toskana selbst befindet sich das historische St\u00e4dtchen Certaldo, der Geburtsort des italienischen Dichters Giovanni Boccaccio, dem Verfasser des Dekamerons. Die Villa Boccaccio ist ein bei Touristen beliebter Ort in Certaldo. Sie liegt nur 40 Kilometer von Florenz und seinem Flugplatz, eine halbe Stunde Fahrzeit von Siena, einer der sch\u00f6nsten St\u00e4dte Italiens, nicht ganz eine Stunde von Pisa mit seinem Schiefen Turm und einen Steinwurf weit von der legend\u00e4ren mittelalterlichen Siedlung San Gimignano entfernt.<\/span>\n<\/div>\t\t<\/div>\n\t\t\t\t<\/div>\n\t\t\t\t\t<\/div>\n\t\t<\/div>\n\t\t\t\t\t\t\t<\/div>\n\t\t<\/section>\n\t\t\t\t<section class=\"elementor-section elementor-top-section elementor-element elementor-element-516e884 elementor-section-boxed elementor-section-height-default elementor-section-height-default qodef-elementor-content-no\" data-id=\"516e884\" data-element_type=\"section\">\n\t\t\t\t\t\t<div class=\"elementor-container elementor-column-gap-default\">\n\t\t\t\t\t<div class=\"elementor-column elementor-col-100 elementor-top-column elementor-element elementor-element-c1ac6a4\" data-id=\"c1ac6a4\" data-element_type=\"column\">\n\t\t\t<div class=\"elementor-widget-wrap elementor-element-populated\">\n\t\t\t\t\t\t\t\t<div class=\"elementor-element elementor-element-82233e5 elementor-widget elementor-widget-video\" data-id=\"82233e5\" data-element_type=\"widget\" data-settings=\"{&quot;youtube_url&quot;:&quot;https:\\\/\\\/www.youtube.com\\\/watch?v=1Vxt5NYgGQ8&amp;list=TLGG8nlF5YefNJIxMzA0MjAyMg&quot;,&quot;show_image_overlay&quot;:&quot;yes&quot;,&quot;image_overlay&quot;:{&quot;url&quot;:&quot;http:\\\/\\\/siesta.observer\\\/wp-content\\\/uploads\\\/2022\\\/04\\\/2021_06_07_27780-hdr-8-1-scaled.jpeg&quot;,&quot;id&quot;:5858,&quot;size&quot;:&quot;&quot;,&quot;alt&quot;:&quot;&quot;,&quot;source&quot;:&quot;library&quot;},&quot;video_type&quot;:&quot;youtube&quot;,&quot;controls&quot;:&quot;yes&quot;}\" data-widget_type=\"video.default\">\n\t\t\t\t<div class=\"elementor-widget-container\">\n\t\t\t<style>\/*! elementor - v3.17.0 - 08-11-2023 *\/\n.elementor-widget-video .elementor-widget-container{overflow:hidden;transform:translateZ(0)}.elementor-widget-video .elementor-wrapper{aspect-ratio:var(--video-aspect-ratio)}.elementor-widget-video .elementor-wrapper iframe,.elementor-widget-video .elementor-wrapper video{height:100%;width:100%;display:flex;border:none;background-color:#000}@supports not (aspect-ratio:1\/1){.elementor-widget-video .elementor-wrapper{position:relative;overflow:hidden;height:0;padding-bottom:calc(100% \/ var(--video-aspect-ratio))}.elementor-widget-video .elementor-wrapper iframe,.elementor-widget-video .elementor-wrapper video{position:absolute;top:0;right:0;bottom:0;left:0}}.elementor-widget-video .elementor-open-inline .elementor-custom-embed-image-overlay{position:absolute;top:0;right:0;bottom:0;left:0;background-size:cover;background-position:50%}.elementor-widget-video .elementor-custom-embed-image-overlay{cursor:pointer;text-align:center}.elementor-widget-video .elementor-custom-embed-image-overlay:hover .elementor-custom-embed-play i{opacity:1}.elementor-widget-video .elementor-custom-embed-image-overlay img{display:block;width:100%;aspect-ratio:var(--video-aspect-ratio);-o-object-fit:cover;object-fit:cover;-o-object-position:center center;object-position:center center}@supports not (aspect-ratio:1\/1){.elementor-widget-video .elementor-custom-embed-image-overlay{position:relative;overflow:hidden;height:0;padding-bottom:calc(100% \/ var(--video-aspect-ratio))}.elementor-widget-video .elementor-custom-embed-image-overlay img{position:absolute;top:0;right:0;bottom:0;left:0}}.elementor-widget-video .e-hosted-video .elementor-video{-o-object-fit:cover;object-fit:cover}.e-con-inner>.elementor-widget-video,.e-con>.elementor-widget-video{width:var(--container-widget-width);--flex-grow:var(--container-widget-flex-grow)}<\/style>\t\t<div class=\"elementor-wrapper elementor-open-inline\">\n\t\t\t<div class=\"elementor-video\"><\/div>\t\t\t\t<div class=\"elementor-custom-embed-image-overlay\" style=\"background-image: url(https:\/\/villaboccaccio.eu\/wp-content\/uploads\/2022\/04\/2021_06_07_27780-hdr-8-1-scaled.jpeg);\">\n\t\t\t\t\t\t\t\t\t\t\t\t\t\t\t\t<div class=\"elementor-custom-embed-play\" role=\"button\" aria-label=\"Video abspielen\" tabindex=\"0\">\n\t\t\t\t\t\t\t<i aria-hidden=\"true\" class=\"eicon-play\"><\/i>\t\t\t\t\t\t\t<span class=\"elementor-screen-only\">Video abspielen<\/span>\n\t\t\t\t\t\t<\/div>\n\t\t\t\t\t\t\t\t\t<\/div>\n\t\t\t\t\t<\/div>\n\t\t\t\t<\/div>\n\t\t\t\t<\/div>\n\t\t\t\t\t<\/div>\n\t\t<\/div>\n\t\t\t\t\t\t\t<\/div>\n\t\t<\/section>\n\t\t\t\t<section class=\"elementor-section elementor-top-section elementor-element elementor-element-5f0e8fc elementor-section-boxed elementor-section-height-default elementor-section-height-default qodef-elementor-content-no\" data-id=\"5f0e8fc\" data-element_type=\"section\">\n\t\t\t\t\t\t<div class=\"elementor-container elementor-column-gap-default\">\n\t\t\t\t\t<div class=\"elementor-column elementor-col-100 elementor-top-column elementor-element elementor-element-6b9238e\" data-id=\"6b9238e\" data-element_type=\"column\">\n\t\t\t<div class=\"elementor-widget-wrap elementor-element-populated\">\n\t\t\t\t\t\t\t\t<div class=\"elementor-element elementor-element-7a55449 elementor-widget elementor-widget-alloggio_core_section_title\" data-id=\"7a55449\" data-element_type=\"widget\" data-widget_type=\"alloggio_core_section_title.default\">\n\t\t\t\t<div class=\"elementor-widget-container\">\n\t\t\t<div class=\"qodef-shortcode qodef-m  qodef-section-title qodef-alignment--left\">\n\t\t\t<span class=\"qodef-m-text\" >Die Villa Boccaccio ist ein traditionelles Landhaus in der Toskana, das einf\u00fchlsam rekonstruiert wurde und ein bequemes, luxuri\u00f6ses Urlaubserlebnis bietet. Sie befindet sich in der malerischen Landschaft zwischen Certaldo und der legend\u00e4ren H\u00fcgelstadt San Gimignano. Die Villa befindet sich auf einem H\u00fcgel mit wundersch\u00f6nen Ausblicken in die Landschaft. In der nahen Umgebung finden Sie ber\u00fchmte toskanische Weinberge, Olivenhaine und historische Sehensw\u00fcrdigkeiten, aber auch Restaurants mit einzigartigen kulinarischen Erlebnissen.<\/span>\n<\/div>\t\t<\/div>\n\t\t\t\t<\/div>\n\t\t\t\t\t<\/div>\n\t\t<\/div>\n\t\t\t\t\t\t\t<\/div>\n\t\t<\/section>\n\t\t\t\t<section class=\"elementor-section elementor-top-section elementor-element elementor-element-c0b6b04 elementor-section-boxed elementor-section-height-default elementor-section-height-default qodef-elementor-content-no\" data-id=\"c0b6b04\" data-element_type=\"section\">\n\t\t\t\t\t\t<div class=\"elementor-container elementor-column-gap-default\">\n\t\t\t\t\t<div class=\"elementor-column elementor-col-100 elementor-top-column elementor-element elementor-element-3d80aee\" data-id=\"3d80aee\" data-element_type=\"column\">\n\t\t\t<div class=\"elementor-widget-wrap elementor-element-populated\">\n\t\t\t\t\t\t\t\t<div class=\"elementor-element elementor-element-0ef5bde elementor-widget elementor-widget-alloggio_core_section_title\" data-id=\"0ef5bde\" data-element_type=\"widget\" data-widget_type=\"alloggio_core_section_title.default\">\n\t\t\t\t<div class=\"elementor-widget-container\">\n\t\t\t<div class=\"qodef-shortcode qodef-m  qodef-section-title qodef-alignment--left\">\n\t\t\t<span class=\"qodef-m-text\" >Obwohl sich all das in der unmittelbaren Umgebung befindet, steht die Villa allein auf einem H\u00fcgel direkt neben einer mittelalterlichen Burg. Und ebenso wie im Dekameron, bei dem sich 3 M\u00e4nner und 7 junge Frauen auf dem Land vor der Pest verstecken, ist die Villa Boccaccio ein idealer Ort, an dem Sie sich vor allen Gefahren der heutigen Welt verstecken k\u00f6nnen \u2026<\/span>\n<\/div>\t\t<\/div>\n\t\t\t\t<\/div>\n\t\t\t\t\t<\/div>\n\t\t<\/div>\n\t\t\t\t\t\t\t<\/div>\n\t\t<\/section>\n\t\t\t\t<section class=\"elementor-section elementor-top-section elementor-element elementor-element-0ca5d48 elementor-section-boxed elementor-section-height-default elementor-section-height-default qodef-elementor-content-no\" data-id=\"0ca5d48\" data-element_type=\"section\">\n\t\t\t\t\t\t<div class=\"elementor-container elementor-column-gap-default\">\n\t\t\t\t\t<div class=\"elementor-column elementor-col-100 elementor-top-column elementor-element elementor-element-18e5bcc\" data-id=\"18e5bcc\" data-element_type=\"column\">\n\t\t\t<div class=\"elementor-widget-wrap elementor-element-populated\">\n\t\t\t\t\t\t\t\t<div class=\"elementor-element elementor-element-5cc3ba9 elementor-widget elementor-widget-alloggio_core_section_title\" data-id=\"5cc3ba9\" data-element_type=\"widget\" data-widget_type=\"alloggio_core_section_title.default\">\n\t\t\t\t<div class=\"elementor-widget-container\">\n\t\t\t<div class=\"qodef-shortcode qodef-m  qodef-section-title qodef-alignment--left\">\n\t\t\t<span class=\"qodef-m-text\" >Das Innere des Hauses verf\u00fcgt \u00fcber sch\u00f6ne Ziegelw\u00e4nde, R\u00e4ume mit hohen Decken, moderne Technologien und Vollausstattung. Durch seine Lage und die unvergleichbare Atmosph\u00e4re der Toskana ist die Villa der ideale Ort f\u00fcr k\u00fcrzere oder l\u00e4ngere Aufenthalte von Familien, aber auch von Freunden und Kollegen.<\/span>\n<\/div>\t\t<\/div>\n\t\t\t\t<\/div>\n\t\t\t\t\t<\/div>\n\t\t<\/div>\n\t\t\t\t\t\t\t<\/div>\n\t\t<\/section>\n\t\t\t\t<section class=\"elementor-section elementor-top-section elementor-element elementor-element-e5abbdb elementor-section-boxed elementor-section-height-default elementor-section-height-default qodef-elementor-content-no\" data-id=\"e5abbdb\" data-element_type=\"section\">\n\t\t\t\t\t\t<div class=\"elementor-container elementor-column-gap-default\">\n\t\t\t\t\t<div class=\"elementor-column elementor-col-100 elementor-top-column elementor-element elementor-element-9890fdc\" data-id=\"9890fdc\" data-element_type=\"column\">\n\t\t\t<div class=\"elementor-widget-wrap elementor-element-populated\">\n\t\t\t\t\t\t\t\t<div class=\"elementor-element elementor-element-818c35f elementor-widget elementor-widget-alloggio_core_section_title\" data-id=\"818c35f\" data-element_type=\"widget\" data-widget_type=\"alloggio_core_section_title.default\">\n\t\t\t\t<div class=\"elementor-widget-container\">\n\t\t\t<div class=\"qodef-shortcode qodef-m  qodef-section-title qodef-alignment--left\">\n\t\t\t<span class=\"qodef-m-text\" >Die Villa Boccaccio bietet 4 Ferienwohnungen (Luxury, Toscana, Etrusco und Romantico), in denen es insgesamt 5 Luxusschlafzimmer, 5 ger\u00e4umige B\u00e4der und im Dachgeschoss einen wellness gibt. Jede Ferienwohnung umfasst ein Wohnzimmer, ein Esszimmer, eine K\u00fcche, ein Schlafzimmer, ein Bad, eine Garderobe und eine Terrasse. In jeder Wohnung sind K\u00fcche und Esszimmer voll ausgestattet, es gibt einen LCD-Fernseher, einen Tresor und einen Kleiderschrank. Die Fu\u00dfb\u00f6den bestehen aus Terrakotta-Fliesen, die Holzbalkendecken sind ebenfalls erhalten geblieben. Das Haus ist mit luxuri\u00f6sen Textilien aller Art in den typischen Farben und Farbt\u00f6nen der Toskana eingerichtet. Im ganzen Haus gibt es WLAN.<\/span>\n<\/div>\t\t<\/div>\n\t\t\t\t<\/div>\n\t\t\t\t\t<\/div>\n\t\t<\/div>\n\t\t\t\t\t\t\t<\/div>\n\t\t<\/section>\n\t\t\t\t<section class=\"elementor-section elementor-top-section elementor-element elementor-element-94c9c0f elementor-section-boxed elementor-section-height-default elementor-section-height-default qodef-elementor-content-no\" data-id=\"94c9c0f\" data-element_type=\"section\">\n\t\t\t\t\t\t<div class=\"elementor-container elementor-column-gap-default\">\n\t\t\t\t\t<div class=\"elementor-column elementor-col-100 elementor-top-column elementor-element elementor-element-f432019\" data-id=\"f432019\" data-element_type=\"column\">\n\t\t\t<div class=\"elementor-widget-wrap elementor-element-populated\">\n\t\t\t\t\t\t\t\t<div class=\"elementor-element elementor-element-fed1773 elementor-widget elementor-widget-alloggio_core_section_title\" data-id=\"fed1773\" data-element_type=\"widget\" data-widget_type=\"alloggio_core_section_title.default\">\n\t\t\t\t<div class=\"elementor-widget-container\">\n\t\t\t<div class=\"qodef-shortcode qodef-m  qodef-section-title qodef-alignment--left\">\n\t\t\t<span class=\"qodef-m-text\" >Die Villa Boccaccio hat einen Steinkamin und den urspr\u00fcnglichen \u201eforno\u201c, einen Brotofen. Auf dem Grundst\u00fcck neben dem Haus befindet sich eine schattige Terrasse, die zu jeder Tages- und Nachtzeit ideal zum Essen und zum Entspannen geeignet ist. Im Ziergarten gibt es einen Whirlpool mit Liegest\u00fchlen.<\/span>\n<\/div>\t\t<\/div>\n\t\t\t\t<\/div>\n\t\t\t\t\t<\/div>\n\t\t<\/div>\n\t\t\t\t\t\t\t<\/div>\n\t\t<\/section>\n\t\t\t\t<section class=\"elementor-section elementor-top-section elementor-element elementor-element-72d904f elementor-section-boxed elementor-section-height-default elementor-section-height-default qodef-elementor-content-no\" data-id=\"72d904f\" data-element_type=\"section\">\n\t\t\t\t\t\t<div class=\"elementor-container elementor-column-gap-default\">\n\t\t\t\t\t<div class=\"elementor-column elementor-col-100 elementor-top-column elementor-element elementor-element-82cd282\" data-id=\"82cd282\" data-element_type=\"column\">\n\t\t\t<div class=\"elementor-widget-wrap elementor-element-populated\">\n\t\t\t\t\t\t\t\t<div class=\"elementor-element elementor-element-05101e6 elementor-align-center elementor-widget elementor-widget-button\" data-id=\"05101e6\" data-element_type=\"widget\" data-widget_type=\"button.default\">\n\t\t\t\t<div class=\"elementor-widget-container\">\n\t\t\t\t\t<div class=\"elementor-button-wrapper\">\n\t\t\t<a class=\"elementor-button elementor-button-link elementor-size-lg\" href=\"https:\/\/wubook.net\/wbkd\/wbk\/?wbSessionId=fe49b979adab857a8d10a7318ae54f1d\">\n\t\t\t\t\t\t<span class=\"elementor-button-content-wrapper\">\n\t\t\t\t\t\t<span class=\"elementor-button-text\">JETZT RESERVIEREN<\/span>\n\t\t<\/span>\n\t\t\t\t\t<\/a>\n\t\t<\/div>\n\t\t\t\t<\/div>\n\t\t\t\t<\/div>\n\t\t\t\t\t<\/div>\n\t\t<\/div>\n\t\t\t\t\t\t\t<\/div>\n\t\t<\/section>\n\t\t\t\t\t\t\t<\/div>\n\t\t","protected":false},"excerpt":{"rendered":"<p>Villa Boccaccio \u2013 Verbindung von Traditionen und modernem Luxus Im Herzen der Toskana selbst befindet sich das historische St\u00e4dtchen Certaldo, der Geburtsort des italienischen Dichters Giovanni Boccaccio, dem Verfasser des Dekamerons. Die Villa Boccaccio ist ein bei Touristen beliebter Ort in Certaldo. Sie liegt nur 40 Kilometer von Florenz und seinem Flugplatz, eine halbe Stunde [&hellip;]<\/p>\n","protected":false},"author":4,"featured_media":0,"parent":0,"menu_order":0,"comment_status":"closed","ping_status":"closed","template":"page-full-width.php","meta":{"_monsterinsights_skip_tracking":false,"_monsterinsights_sitenote_active":false,"_monsterinsights_sitenote_note":"","_monsterinsights_sitenote_category":0,"footnotes":""},"class_list":["post-6061","page","type-page","status-publish","hentry"],"_links":{"self":[{"href":"https:\/\/villaboccaccio.eu\/de\/wp-json\/wp\/v2\/pages\/6061","targetHints":{"allow":["GET"]}}],"collection":[{"href":"https:\/\/villaboccaccio.eu\/de\/wp-json\/wp\/v2\/pages"}],"about":[{"href":"https:\/\/villaboccaccio.eu\/de\/wp-json\/wp\/v2\/types\/page"}],"author":[{"embeddable":true,"href":"https:\/\/villaboccaccio.eu\/de\/wp-json\/wp\/v2\/users\/4"}],"replies":[{"embeddable":true,"href":"https:\/\/villaboccaccio.eu\/de\/wp-json\/wp\/v2\/comments?post=6061"}],"version-history":[{"count":20,"href":"https:\/\/villaboccaccio.eu\/de\/wp-json\/wp\/v2\/pages\/6061\/revisions"}],"predecessor-version":[{"id":8611,"href":"https:\/\/villaboccaccio.eu\/de\/wp-json\/wp\/v2\/pages\/6061\/revisions\/8611"}],"wp:attachment":[{"href":"https:\/\/villaboccaccio.eu\/de\/wp-json\/wp\/v2\/media?parent=6061"}],"curies":[{"name":"wp","href":"https:\/\/api.w.org\/{rel}","templated":true}]}}